{"id":11092,"date":"2017-11-18T04:38:26","date_gmt":"2017-11-18T04:38:26","guid":{"rendered":"https:\/\/duma.cl\/pucon\/?page_id=11092"},"modified":"2021-07-28T21:12:32","modified_gmt":"2021-07-28T21:12:32","slug":"el-hostal","status":"publish","type":"page","link":"https:\/\/hostalpuconsur.com\/en\/el-hostal\/","title":{"rendered":"Our hostel"},"content":{"rendered":"<div class=\"vc_row wpb_row vc_row-fluid vc_custom_1511853809779\"><div class=\"wpb_column vc_column_container vc_col-sm-12\"><div class=\"vc_column-inner\"><div class=\"wpb_wrapper\"><h2 style=\"text-align: center\" class=\"vc_custom_heading\">La experiencia de estar inmerso en la naturaleza<\/h2><div class=\"vc_empty_space\"   style=\"height: 30px\"><span class=\"vc_empty_space_inner\"><\/span><\/div><div class=\"vc_row wpb_row vc_inner vc_row-fluid\"><div class=\"wpb_column vc_column_container vc_col-sm-6\"><div class=\"vc_column-inner\"><div class=\"wpb_wrapper\">\r\n\t<div class=\"wpb_text_column wpb_content_element\" >\r\n\t\t<div class=\"wpb_wrapper\">\r\n\t\t\t<p>Bienvenidos a nuestro hostal. Somos \u00c1lvaro y Pamela; sus anfitriones en este proyecto que hemos construido en familia ac\u00e1 en una de las ciudades m\u00e1s hermosas del sur de Chile; Puc\u00f3n.<br \/>\nNuestro hostal destaca por su ubicaci\u00f3n, seguridad, comodidad y calidez tanto en la decoraci\u00f3n como en la atenci\u00f3n.<br \/>\nAqu\u00ed junto a nuestro equipo nos preocupamos de que cada hu\u00e9sped tenga una experiencia inolvidable.<\/p>\n\r\n\t\t<\/div>\r\n\t<\/div>\r\n<\/div><\/div><\/div><div class=\"wpb_column vc_column_container vc_col-sm-6\"><div class=\"vc_column-inner\"><div class=\"wpb_wrapper\">\r\n\t<div class=\"wpb_text_column wpb_content_element\" >\r\n\t\t<div class=\"wpb_wrapper\">\r\n\t\t\t<p>Estamos ubicados a pocas cuadras del n\u00facleo central de la ciudad, sin embargo, aqu\u00ed puedes encontrar la calidez y tranquilidad caracter\u00edsticas de nuestro sur.<br \/>\nTe invitamos a desconectarte y vivir una estad\u00eda de relajo, aventuras y descanso disfrutando los parajes naturales que nuestra bella ciudad les ofrece.<br \/>\n!Los esperamos!<\/p>\n\r\n\t\t<\/div>\r\n\t<\/div>\r\n<\/div><\/div><\/div><\/div>\r\n\t<div class=\"wpb_text_column wpb_content_element  vc_custom_1626570982005 aligncenter\" >\r\n\t\t<div class=\"wpb_wrapper\">\r\n\t\t\t<h6 style=\"line-height: 28px;\">NUESTRO HOSTAL EST\u00c1 SITUADO EN \u00a0CALLE DEL PILL\u00c1N 69, COMUNA DE PUC\u00d3N, SUR DE CHILE <br> LUGAR PRIVILEGIADO POR SUS PAISAJES NATURALES Y SU UBICACI\u00d3N ENTORNO A UNO DE LOS VOLCANES M\u00c1S ACTIVOS DE CHILE.<\/h6>\n\r\n\t\t<\/div>\r\n\t<\/div>\r\n<\/div><\/div><\/div><\/div><div data-vc-full-width=\"true\" data-vc-full-width-init=\"false\" data-vc-stretch-content=\"true\" class=\"vc_row wpb_row vc_row-fluid vc_custom_1510982946827 vc_row-has-fill vc_row-no-padding\"><div class=\"wpb_column vc_column_container vc_col-sm-4\"><div class=\"vc_column-inner\"><div class=\"wpb_wrapper\">\n\t<div  class=\"wpb_single_image wpb_content_element vc_align_center  vc_custom_1626571935119\">\n\t\t\n\t\t<figure class=\"wpb_wrapper vc_figure\">\n\t\t\t<div class=\"vc_single_image-wrapper   vc_box_border_grey\"><img loading=\"lazy\" decoding=\"async\" width=\"2560\" height=\"1696\" src=\"https:\/\/hostalpuconsur.com\/wp-content\/uploads\/2020\/02\/DSC8973-scaled.jpg\" class=\"vc_single_image-img attachment-full\" alt=\"\" srcset=\"https:\/\/hostalpuconsur.com\/wp-content\/uploads\/2020\/02\/DSC8973-scaled.jpg 2560w, https:\/\/hostalpuconsur.com\/wp-content\/uploads\/2020\/02\/DSC8973-300x199.jpg 300w, https:\/\/hostalpuconsur.com\/wp-content\/uploads\/2020\/02\/DSC8973-1024x678.jpg 1024w, https:\/\/hostalpuconsur.com\/wp-content\/uploads\/2020\/02\/DSC8973-768x509.jpg 768w, https:\/\/hostalpuconsur.com\/wp-content\/uploads\/2020\/02\/DSC8973-1536x1017.jpg 1536w, https:\/\/hostalpuconsur.com\/wp-content\/uploads\/2020\/02\/DSC8973-2048x1356.jpg 2048w\" sizes=\"auto, (max-width: 2560px) 100vw, 2560px\" \/><\/div>\n\t\t<\/figure>\n\t<\/div>\n<\/div><\/div><\/div><div class=\"wpb_column vc_column_container vc_col-sm-4\"><div class=\"vc_column-inner\"><div class=\"wpb_wrapper\">\n\t<div  class=\"wpb_single_image wpb_content_element vc_align_center  vc_custom_1626571949917\">\n\t\t\n\t\t<figure class=\"wpb_wrapper vc_figure\">\n\t\t\t<div class=\"vc_single_image-wrapper   vc_box_border_grey\"><img loading=\"lazy\" decoding=\"async\" width=\"2560\" height=\"1696\" src=\"https:\/\/hostalpuconsur.com\/wp-content\/uploads\/2020\/02\/DSC8992-scaled.jpg\" class=\"vc_single_image-img attachment-full\" alt=\"\" srcset=\"https:\/\/hostalpuconsur.com\/wp-content\/uploads\/2020\/02\/DSC8992-scaled.jpg 2560w, https:\/\/hostalpuconsur.com\/wp-content\/uploads\/2020\/02\/DSC8992-300x199.jpg 300w, https:\/\/hostalpuconsur.com\/wp-content\/uploads\/2020\/02\/DSC8992-1024x678.jpg 1024w, https:\/\/hostalpuconsur.com\/wp-content\/uploads\/2020\/02\/DSC8992-768x509.jpg 768w, https:\/\/hostalpuconsur.com\/wp-content\/uploads\/2020\/02\/DSC8992-1536x1017.jpg 1536w, https:\/\/hostalpuconsur.com\/wp-content\/uploads\/2020\/02\/DSC8992-2048x1356.jpg 2048w\" sizes=\"auto, (max-width: 2560px) 100vw, 2560px\" \/><\/div>\n\t\t<\/figure>\n\t<\/div>\n<\/div><\/div><\/div><div class=\"wpb_column vc_column_container vc_col-sm-4\"><div class=\"vc_column-inner\"><div class=\"wpb_wrapper\">\n\t<div  class=\"wpb_single_image wpb_content_element vc_align_center  vc_custom_1626571963088\">\n\t\t\n\t\t<figure class=\"wpb_wrapper vc_figure\">\n\t\t\t<div class=\"vc_single_image-wrapper   vc_box_border_grey\"><img loading=\"lazy\" decoding=\"async\" width=\"800\" height=\"530\" src=\"https:\/\/hostalpuconsur.com\/wp-content\/uploads\/2020\/01\/foto_2-1.jpg\" class=\"vc_single_image-img attachment-full\" alt=\"\" srcset=\"https:\/\/hostalpuconsur.com\/wp-content\/uploads\/2020\/01\/foto_2-1.jpg 800w, https:\/\/hostalpuconsur.com\/wp-content\/uploads\/2020\/01\/foto_2-1-300x199.jpg 300w, https:\/\/hostalpuconsur.com\/wp-content\/uploads\/2020\/01\/foto_2-1-768x509.jpg 768w\" sizes=\"auto, (max-width: 800px) 100vw, 800px\" \/><\/div>\n\t\t<\/figure>\n\t<\/div>\n<\/div><\/div><\/div><\/div><div class=\"vc_row-full-width vc_clearfix\"><\/div><div data-vc-full-width=\"true\" data-vc-full-width-init=\"false\" class=\"vc_row wpb_row vc_row-fluid vc_custom_1510982996877 vc_row-has-fill vc_column-gap-35\"><div class=\"wpb_column vc_column_container vc_col-sm-4\"><div class=\"vc_column-inner\"><div class=\"wpb_wrapper\"><h4 style=\"text-align: center\" class=\"vc_custom_heading title_uppercase\">C\u00f3modas Habitaciones<\/h4>\r\n\t<div class=\"wpb_text_column wpb_content_element  vc_custom_1626571543990\" >\r\n\t\t<div class=\"wpb_wrapper\">\r\n\t\t\t<p style=\"text-align: center;\">Contamos con c\u00f3modas y c\u00e1lidas habitaciones en d\u00f3nde encontrar\u00e1s el descanso que buscas.<\/p>\n\r\n\t\t<\/div>\r\n\t<\/div>\r\n<div class=\"vc_row wpb_row vc_inner vc_row-fluid aligncenter\"><div class=\"wpb_column vc_column_container vc_col-sm-12\"><div class=\"vc_column-inner\"><div class=\"wpb_wrapper\"><a href='https:\/\/wa.link\/bm5nld' target='_self' title='' class='dt-sc-button   medium   black filled' > M\u00e1s Info <\/a><\/div><\/div><\/div><\/div><\/div><\/div><\/div><div class=\"wpb_column vc_column_container vc_col-sm-4\"><div class=\"vc_column-inner\"><div class=\"wpb_wrapper\"><h4 style=\"text-align: center\" class=\"vc_custom_heading title_uppercase\">Desayuno Sure\u00f1o<\/h4>\r\n\t<div class=\"wpb_text_column wpb_content_element  vc_custom_1627506402956\" >\r\n\t\t<div class=\"wpb_wrapper\">\r\n\t\t\t<p style=\"text-align: center;\">En nuestro comedor todas las ma\u00f1anas los esperamos con un rico desayuno con las elaboraciones m\u00e1s ricas del sur.<\/p>\n\r\n\t\t<\/div>\r\n\t<\/div>\r\n<div class=\"vc_row wpb_row vc_inner vc_row-fluid aligncenter\"><div class=\"wpb_column vc_column_container vc_col-sm-12\"><div class=\"vc_column-inner\"><div class=\"wpb_wrapper\"><a href='https:\/\/wa.link\/bm5nld' target='_self' title='' class='dt-sc-button   medium   black filled' > M\u00e1s Info <\/a><\/div><\/div><\/div><\/div><\/div><\/div><\/div><div class=\"wpb_column vc_column_container vc_col-sm-4\"><div class=\"vc_column-inner\"><div class=\"wpb_wrapper\"><h4 style=\"text-align: center\" class=\"vc_custom_heading title_uppercase\">Aventuras Aseguradas<\/h4>\r\n\t<div class=\"wpb_text_column wpb_content_element  vc_custom_1626571609202\" >\r\n\t\t<div class=\"wpb_wrapper\">\r\n\t\t\t<p style=\"text-align: center;\">Tenemos alianzas estrat\u00e9gicas con las mejores agencias, parques y centros termales de la zona.<\/p>\n\r\n\t\t<\/div>\r\n\t<\/div>\r\n<div class=\"vc_row wpb_row vc_inner vc_row-fluid aligncenter\"><div class=\"wpb_column vc_column_container vc_col-sm-12\"><div class=\"vc_column-inner\"><div class=\"wpb_wrapper\"><a href='https:\/\/wa.link\/bm5nld' target='_self' title='' class='dt-sc-button   medium   black filled' > M\u00e1s Info <\/a><\/div><\/div><\/div><\/div><\/div><\/div><\/div><\/div><div class=\"vc_row-full-width vc_clearfix\"><\/div><div class=\"vc_row wpb_row vc_row-fluid vc_custom_1511853657877\"><div class=\"wpb_column vc_column_container vc_col-sm-6\"><div class=\"vc_column-inner\"><div class=\"wpb_wrapper\">\n\t<div  class=\"wpb_single_image wpb_content_element vc_align_left  vc_custom_1626573504881\">\n\t\t\n\t\t<figure class=\"wpb_wrapper vc_figure\">\n\t\t\t<div class=\"vc_single_image-wrapper   vc_box_border_grey\"><img loading=\"lazy\" decoding=\"async\" width=\"1920\" height=\"1281\" src=\"https:\/\/hostalpuconsur.com\/wp-content\/uploads\/revslider\/nature-slider1\/nature2.jpg\" class=\"vc_single_image-img attachment-full\" alt=\"\" srcset=\"https:\/\/hostalpuconsur.com\/wp-content\/uploads\/revslider\/nature-slider1\/nature2.jpg 1920w, https:\/\/hostalpuconsur.com\/wp-content\/uploads\/revslider\/nature-slider1\/nature2-300x200.jpg 300w, https:\/\/hostalpuconsur.com\/wp-content\/uploads\/revslider\/nature-slider1\/nature2-1024x683.jpg 1024w, https:\/\/hostalpuconsur.com\/wp-content\/uploads\/revslider\/nature-slider1\/nature2-768x512.jpg 768w, https:\/\/hostalpuconsur.com\/wp-content\/uploads\/revslider\/nature-slider1\/nature2-1536x1025.jpg 1536w\" sizes=\"auto, (max-width: 1920px) 100vw, 1920px\" \/><\/div>\n\t\t<\/figure>\n\t<\/div>\n<\/div><\/div><\/div><div class=\"wpb_column vc_column_container vc_col-sm-6\"><div class=\"vc_column-inner\"><div class=\"wpb_wrapper\"><h3 style=\"text-align: left\" class=\"vc_custom_heading\">\u00bfQu\u00e9 es lo que quieres hacer en Puc\u00f3n?<\/h3><ul class='dt-sc-fancy-list   arrow'>\n<li>Spa\/Centros termales<\/li>\n<li>Trekking<\/li>\n<li>Ski\/Snowboard<\/li>\n<li>Kayak<\/li>\n<li>Trekking<\/li>\n<li>Tours por la zona<\/li>\n<li>Viaje de Trabajo\/Negocios<\/li>\n<li>Gastronomy<\/li>\n<li>Artesan\u00edas<\/li>\n<\/ul>\r\n\t<div class=\"wpb_text_column wpb_content_element  vc_custom_1626572383755\" >\r\n\t\t<div class=\"wpb_wrapper\">\r\n\t\t\t<p>Cu\u00e9ntanos la experiencia que quieres vivir y nosotros la gestionamos para ti.<\/p>\n\r\n\t\t<\/div>\r\n\t<\/div>\r\n<\/div><\/div><\/div><\/div><div data-vc-full-width=\"true\" data-vc-full-width-init=\"false\" class=\"vc_row wpb_row vc_row-fluid dt-sc-dark-bg vc_custom_1626572886877 vc_row-has-fill\"><div class=\"wpb_column vc_column_container vc_col-sm-12\"><div class=\"vc_column-inner\"><div class=\"wpb_wrapper\"><div class=\"vc_row wpb_row vc_inner vc_row-fluid aligncenter vc_custom_1511853585147\"><div class=\"wpb_column vc_column_container vc_col-sm-12\"><div class=\"vc_column-inner\"><div class=\"wpb_wrapper\"><div class='dt-sc-title with-two-border'><h2>Tranquilidad &amp; Comodidad en el Sur<\/h2><\/div><\/div><\/div><\/div><\/div><div class=\"vc_row wpb_row vc_inner vc_row-fluid vc_custom_1510984579013\"><div class=\"wpb_column vc_column_container vc_col-sm-4\"><div class=\"vc_column-inner\"><div class=\"wpb_wrapper\"><div class='dt-sc-icon-box type2'><div class=\"icon-wrapper\"><span class='fa fa-car'> <\/span><\/div><div class=\"icon-content\"><h4>Transfer Pickup<\/h4><p>Contamos con una lista de colaboradores para coordinar tu llegada a Puc\u00f3n desde el Aeropuerto Temuco.<\/p><\/div><\/div><\/div><\/div><\/div><div class=\"wpb_column vc_column_container vc_col-sm-4\"><div class=\"vc_column-inner\"><div class=\"wpb_wrapper\"><div class='dt-sc-icon-box type2'><div class=\"icon-wrapper\"><span class='fa fa-apple'> <\/span><\/div><div class=\"icon-content\"><h4>Desayuno Sure\u00f1o<\/h4><p>Productos locales 100% frescos. Disfruta todas las ma\u00f1anas de un rico desayuno en nuestro comedor.<\/p><\/div><\/div><\/div><\/div><\/div><div class=\"wpb_column vc_column_container vc_col-sm-4\"><div class=\"vc_column-inner\"><div class=\"wpb_wrapper\"><div class='dt-sc-icon-box type2'><div class=\"icon-wrapper\"><span class='fa fa-cutlery'> <\/span><\/div><div class=\"icon-content\"><h4>Gastronom\u00eda Local<\/h4><p>\u00bfPrefieres comer en el hostal? Contamos con una\nrica carta de sandwiches, pizzas , hamburguesas\ny las mejores cervezas locales.<\/p><\/div><\/div><\/div><\/div><\/div><\/div><div class=\"vc_row wpb_row vc_inner vc_row-fluid\"><div class=\"wpb_column vc_column_container vc_col-sm-4\"><div class=\"vc_column-inner\"><div class=\"wpb_wrapper\"><div class='dt-sc-icon-box type2'><div class=\"icon-wrapper\"><span class='fa fa-cart-arrow-down'> <\/span><\/div><div class=\"icon-content\"><h4>Servicio Mucama<\/h4><p>En nuestro hostal te entregamos servicio de mucama para que puedas descansar y relajarte sin preocupaciones.<\/p><\/div><\/div><\/div><\/div><\/div><div class=\"wpb_column vc_column_container vc_col-sm-4\"><div class=\"vc_column-inner\"><div class=\"wpb_wrapper\"><div class='dt-sc-icon-box type2'><div class=\"icon-wrapper\"><span class='fa fa-medkit'> <\/span><\/div><div class=\"icon-content\"><h4>Protocolos COVID<\/h4><p>Contamos con todas las medias y normas necesarias\npor la SEREMI para que tu estad\u00eda sea segura.<\/p><\/div><\/div><\/div><\/div><\/div><div class=\"wpb_column vc_column_container vc_col-sm-4\"><div class=\"vc_column-inner\"><div class=\"wpb_wrapper\"><div class='dt-sc-icon-box type2'><div class=\"icon-wrapper\"><span class='fa fa-bicycle'> <\/span><\/div><div class=\"icon-content\"><h4>Arrienda tu bicicleta<\/h4><p>Conoce hermosos lugares en bicicleta, tenemos servicio de arriendo para que recorras la ciudad de manera natural.<\/p><\/div><\/div><\/div><\/div><\/div><\/div><\/div><\/div><\/div><\/div><div class=\"vc_row-full-width vc_clearfix\"><\/div><!-- Row Backgrounds --><div class=\"upb_bg_img\" data-ultimate-bg=\"url(https:\/\/hostalpuconsur.com\/wp-content\/uploads\/2021\/07\/UL0A7228.jpg)\" data-image-id=\"id^12053|url^http:\/\/hostalpuconsur.com\/wp-content\/uploads\/2021\/07\/UL0A7228.jpg|caption^null|alt^null|title^UL0A7228|description^null\" data-ultimate-bg-style=\"vcpb-vz-jquery\" data-bg-img-repeat=\"no-repeat\" data-bg-img-size=\"cover\" data-bg-img-position=\"\" data-parallx_sense=\"30\" data-bg-override=\"0\" data-bg_img_attach=\"scroll\" data-upb-overlay-color=\"\" data-upb-bg-animation=\"\" data-fadeout=\"\" data-bg-animation=\"left-animation\" data-bg-animation-type=\"h\" data-animation-repeat=\"repeat\" data-fadeout-percentage=\"30\" data-parallax-content=\"\" data-parallax-content-sense=\"30\" data-row-effect-mobile-disable=\"true\" data-img-parallax-mobile-disable=\"true\" data-rtl=\"false\"  data-custom-vc-row=\"\"  data-vc=\"6.0.5\"  data-is_old_vc=\"\"  data-theme-support=\"\"   data-overlay=\"false\" data-overlay-color=\"\" data-overlay-pattern=\"\" data-overlay-pattern-opacity=\"\" data-overlay-pattern-size=\"\"    ><\/div>","protected":false},"excerpt":{"rendered":"La experiencia de estar inmerso en la naturaleza Bienvenidos a nuestro hostal. Somos \u00c1lvaro y Pamela; sus anfitriones en este proyecto que hemos construido en familia ac\u00e1 en una de las ciudades m\u00e1s hermosas del sur de Chile; Puc\u00f3n. Nuestro hostal destaca por su ubicaci\u00f3n, seguridad, comodidad y calidez tanto en la decoraci\u00f3n como en [...]","protected":false},"author":2,"featured_media":0,"parent":0,"menu_order":0,"comment_status":"closed","ping_status":"closed","template":"","meta":{"footnotes":""},"class_list":["post-11092","page","type-page","status-publish","hentry"],"_links":{"self":[{"href":"https:\/\/hostalpuconsur.com\/en\/wp-json\/wp\/v2\/pages\/11092","targetHints":{"allow":["GET"]}}],"collection":[{"href":"https:\/\/hostalpuconsur.com\/en\/wp-json\/wp\/v2\/pages"}],"about":[{"href":"https:\/\/hostalpuconsur.com\/en\/wp-json\/wp\/v2\/types\/page"}],"author":[{"embeddable":true,"href":"https:\/\/hostalpuconsur.com\/en\/wp-json\/wp\/v2\/users\/2"}],"replies":[{"embeddable":true,"href":"https:\/\/hostalpuconsur.com\/en\/wp-json\/wp\/v2\/comments?post=11092"}],"version-history":[{"count":28,"href":"https:\/\/hostalpuconsur.com\/en\/wp-json\/wp\/v2\/pages\/11092\/revisions"}],"predecessor-version":[{"id":12107,"href":"https:\/\/hostalpuconsur.com\/en\/wp-json\/wp\/v2\/pages\/11092\/revisions\/12107"}],"wp:attachment":[{"href":"https:\/\/hostalpuconsur.com\/en\/wp-json\/wp\/v2\/media?parent=11092"}],"curies":[{"name":"wp","href":"https:\/\/api.w.org\/{rel}","templated":true}]}}