{"id":10,"date":"2017-10-23T09:57:22","date_gmt":"2017-10-23T09:57:22","guid":{"rendered":"https:\/\/duma.cl\/pucon\/?page_id=10"},"modified":"2026-02-19T14:21:45","modified_gmt":"2026-02-19T14:21:45","slug":"home","status":"publish","type":"page","link":"https:\/\/hostalpuconsur.com\/en\/","title":{"rendered":"Home"},"content":{"rendered":"<div  style='overflow: visible; z-index: 9;' data-vc-full-width=\"true\" data-vc-full-width-init=\"false\" class=\"vc_row wpb_row vc_row-fluid room-amenities-margin vc_custom_1511860464194\"><div class=\"wpb_column vc_column_container vc_col-sm-12\"><div class=\"vc_column-inner \"><div class=\"wpb_wrapper\"><\/div><\/div><\/div><\/div><div class=\"vc_row-full-width vc_clearfix\"><\/div><div data-vc-full-width=\"true\" data-vc-full-width-init=\"false\" class=\"vc_row wpb_row vc_row-fluid vc_custom_1626560257066 vc_row-o-equal-height vc_row-o-content-middle vc_row-flex\"><div class=\"wpb_column vc_column_container vc_col-sm-12\"><div class=\"vc_column-inner \"><div class=\"wpb_wrapper\"><div class=\"vc_row wpb_row vc_inner vc_row-fluid aligncenter vc_row-o-content-middle vc_row-flex\"><div class=\"wpb_column vc_column_container vc_col-sm-3\"><div class=\"vc_column-inner \"><div class=\"wpb_wrapper\"><\/div><\/div><\/div><div class=\"wpb_column vc_column_container vc_col-sm-6\"  style=\" text-align:center; \"><div class=\"vc_column-inner \"><div class=\"wpb_wrapper\"><div class='dt-sc-title with-two-border aligncenter'><h2>Te ofrecemos<\/h2><\/div><\/div><\/div><\/div><div class=\"wpb_column vc_column_container vc_col-sm-3\"><div class=\"vc_column-inner \"><div class=\"wpb_wrapper\"><\/div><\/div><\/div><\/div><div class=\"vc_empty_space\"   style=\"height: 80px\"><span class=\"vc_empty_space_inner\"><\/span><\/div><div class=\"vc_row wpb_row vc_inner vc_row-fluid vc_custom_1578346541188\"><div class=\"aligncenter wpb_column vc_column_container vc_col-sm-3\"><div class=\"vc_column-inner \"><div class=\"wpb_wrapper\"><div class='dt-sc-icon-box type1 '><div class=\"icon-wrapper\"><span class='fa fa-bicycle'> <\/span><\/div><div class=\"icon-content\"><h4>Arriendo de Bicicletas<\/h4><p>Tenemos servicio de arriendo de bicicletas, para que puedas recorrer los atractivos de Puc\u00f3n a bordo de un transporte sustentable.<\/p><\/div><span class='fa fa-bicycle large-icon'> <\/span><\/div><\/div><\/div><\/div><div class=\"wpb_column vc_column_container vc_col-sm-3\"><div class=\"vc_column-inner \"><div class=\"wpb_wrapper\"><div class='dt-sc-icon-box type1 aligncenter'><div class=\"icon-wrapper\"><span class='fa fa-info-circle'> <\/span><\/div><div class=\"icon-content\"><h4>Agencias de Turismo<\/h4><p>Tenemos convenios con las mas importantes agencias de turismo en la zona.<\/p><\/div><span class='fa fa-info-circle large-icon'> <\/span><\/div><\/div><\/div><\/div><div class=\"wpb_column vc_column_container vc_col-sm-3\"><div class=\"vc_column-inner \"><div class=\"wpb_wrapper\"><div class='dt-sc-icon-box type1 aligncenter'><div class=\"icon-wrapper\"><span class='fa fa-lemon-o'> <\/span><\/div><div class=\"icon-content\"><h4>Gastronom\u00eda<\/h4><p>Sandwich, pizzas, ensaladas ,jugos naturales ,\u00a0 cervezas artesanales\u00a0 , todo en nuestra nueva\u00a0 terraza !!!!!<\/p><\/div><span class='fa fa-lemon-o large-icon'> <\/span><\/div><\/div><\/div><\/div><div class=\"wpb_column vc_column_container vc_col-sm-3\"><div class=\"vc_column-inner \"><div class=\"wpb_wrapper\"><div class='dt-sc-icon-box type1 aligncenter'><div class=\"icon-wrapper\"><span class='fa fa-blind'> <\/span><\/div><div class=\"icon-content\"><h4><a href='#popmake-11774' title='' target='_self'>Centros Termales<\/a><\/h4><p>SERVICIO DE LAVANDERIA<\/p>\n<p>SERVICIO DE MUCAMA\u00a0 DIARIO<\/p>\n<p>CALEFACCION CENTRAL<\/p>\n<p>WI\/FI<\/p>\n<p>RECEPCION\u00a0 24 HRS<\/p><\/div><span class='fa fa-blind large-icon'> <\/span><\/div><\/div><\/div><\/div><div class=\"wpb_column vc_column_container vc_col-sm-12\"><div class=\"vc_column-inner \"><div class=\"wpb_wrapper\"><\/div><\/div><\/div><\/div><div class=\"vc_empty_space\"   style=\"height: 80px\"><span class=\"vc_empty_space_inner\"><\/span><\/div><\/div><\/div><\/div><\/div><div class=\"vc_row-full-width vc_clearfix\"><\/div><div data-vc-full-width=\"true\" data-vc-full-width-init=\"false\" class=\"vc_row wpb_row vc_row-fluid vc_custom_1626560816624 vc_row-o-equal-height vc_row-o-content-middle vc_row-flex\"><div class=\"rs_col-sm-12 square-border-box wpb_column vc_column_container vc_col-sm-12 vc_col-has-fill\"><div class=\"vc_column-inner vc_custom_1626559994841\" style=\"min-height: 460px; text-align:center; \"><div class=\"wpb_wrapper\"><div class=\"vc_row wpb_row vc_inner vc_row-fluid vc_row-o-content-middle vc_row-flex vc_row-no-padding\"><div class=\"wpb_column vc_column_container vc_col-sm-12 vc_col-xs-12\" id=\"servicios\"><div class=\"vc_column-inner vc_custom_1581220079856\"><div class=\"wpb_wrapper\"><h6 style=\"color: #ffffff;text-align: center;font-family:Contrail One;font-weight:400;font-style:normal\" class=\"vc_custom_heading title_uppercase vc_custom_1626560628560\">Un lugar tranquilo para descansar<\/h6><div class=\"vc_empty_space\"   style=\"height: 20px\"><span class=\"vc_empty_space_inner\"><\/span><\/div><h3 style=\"color: #ffffff;text-align: center\" class=\"vc_custom_heading title_uppercase vc_custom_1626560646957\">Calidez y tranquilidad de Sur<\/h3><div class=\"vc_empty_space\"   style=\"height: 20px\"><span class=\"vc_empty_space_inner\"><\/span><\/div><p style=\"color: #ffffff;text-align: center\" class=\"vc_custom_heading vc_custom_1580845004996\">La satisfacci\u00f3n de nuestros clientes es nuestra prioridad. Hostal Pucon Sur ofrece a sus visitantes los siguientes servicios para que su estad\u00eda sea inolvidable.<\/p><div class=\"vc_empty_space\"   style=\"height: 60px\"><span class=\"vc_empty_space_inner\"><\/span><\/div><\/div><\/div><\/div><\/div><div class=\"vc_row wpb_row vc_inner vc_row-fluid vc_custom_1578344023432\"><div class=\"wpb_column vc_column_container vc_col-sm-3\"><div class=\"vc_column-inner \"><div class=\"wpb_wrapper\"><div class='dt-sc-image-caption type9 '><div class='dt-sc-image-wrapper'><img loading=\"lazy\" decoding=\"async\" width=\"800\" height=\"530\" src=\"https:\/\/hostalpuconsur.com\/wp-content\/uploads\/2020\/01\/foto_12.jpg\" class=\"attachment-full\" alt=\"\" srcset=\"https:\/\/hostalpuconsur.com\/wp-content\/uploads\/2020\/01\/foto_12.jpg 800w, https:\/\/hostalpuconsur.com\/wp-content\/uploads\/2020\/01\/foto_12-300x199.jpg 300w, https:\/\/hostalpuconsur.com\/wp-content\/uploads\/2020\/01\/foto_12-768x509.jpg 768w\" sizes=\"auto, (max-width: 800px) 100vw, 800px\" \/><div class=\"dt-sc-image-overlay\"><p>Nuestras suites tienen ba\u00f1o privado, TV cable, camas fabricadas en madera nativa.<\/p><\/div><\/div><div class='dt-sc-image-content'><div class='dt-sc-image-title'><h3>Habitaciones C\u00f3modas y equipadas<\/h3><\/div><\/div><\/div><div class=\"vc_empty_space\"   style=\"height: 10px\"><span class=\"vc_empty_space_inner\"><\/span><\/div><\/div><\/div><\/div><div class=\"wpb_column vc_column_container vc_col-sm-3\"><div class=\"vc_column-inner \"><div class=\"wpb_wrapper\"><div class='dt-sc-image-caption type9 '><div class='dt-sc-image-wrapper'><img loading=\"lazy\" decoding=\"async\" width=\"800\" height=\"530\" src=\"https:\/\/hostalpuconsur.com\/wp-content\/uploads\/2020\/01\/foto_2.jpg\" class=\"attachment-full\" alt=\"\" srcset=\"https:\/\/hostalpuconsur.com\/wp-content\/uploads\/2020\/01\/foto_2.jpg 800w, https:\/\/hostalpuconsur.com\/wp-content\/uploads\/2020\/01\/foto_2-300x199.jpg 300w, https:\/\/hostalpuconsur.com\/wp-content\/uploads\/2020\/01\/foto_2-768x509.jpg 768w\" sizes=\"auto, (max-width: 800px) 100vw, 800px\" \/><div class=\"dt-sc-image-overlay\"><p><\/p><\/div><\/div><div class='dt-sc-image-content'><div class='dt-sc-image-title'><h3>Acogedor comedor para desayunar<\/h3><\/div><\/div><\/div><div class=\"vc_empty_space\"   style=\"height: 10px\"><span class=\"vc_empty_space_inner\"><\/span><\/div><\/div><\/div><\/div><div class=\"wpb_column vc_column_container vc_col-sm-3\"><div class=\"vc_column-inner \"><div class=\"wpb_wrapper\"><div class='dt-sc-image-caption type9 '><div class='dt-sc-image-wrapper'><img loading=\"lazy\" decoding=\"async\" width=\"800\" height=\"530\" src=\"https:\/\/hostalpuconsur.com\/wp-content\/uploads\/2020\/01\/foto_9.jpg\" class=\"attachment-full\" alt=\"\" srcset=\"https:\/\/hostalpuconsur.com\/wp-content\/uploads\/2020\/01\/foto_9.jpg 800w, https:\/\/hostalpuconsur.com\/wp-content\/uploads\/2020\/01\/foto_9-300x199.jpg 300w, https:\/\/hostalpuconsur.com\/wp-content\/uploads\/2020\/01\/foto_9-768x509.jpg 768w\" sizes=\"auto, (max-width: 800px) 100vw, 800px\" \/><div class=\"dt-sc-image-overlay\"><p>Estacionamientos sujetos a disponibilidad<span class=\"Apple-converted-space\">\u00a0<\/span><\/p><\/div><\/div><div class='dt-sc-image-content'><div class='dt-sc-image-title'><h3>Estacionamiento sujeto a disponibilidad<\/h3><\/div><\/div><\/div><\/div><\/div><\/div><div class=\"wpb_column vc_column_container vc_col-sm-3\"><div class=\"vc_column-inner \"><div class=\"wpb_wrapper\"><div class='dt-sc-image-caption type9 '><div class='dt-sc-image-wrapper'><img loading=\"lazy\" decoding=\"async\" width=\"608\" height=\"350\" src=\"https:\/\/hostalpuconsur.com\/wp-content\/uploads\/2021\/08\/LACOMARCA-8.png\" class=\"attachment-full\" alt=\"\" srcset=\"https:\/\/hostalpuconsur.com\/wp-content\/uploads\/2021\/08\/LACOMARCA-8.png 608w, https:\/\/hostalpuconsur.com\/wp-content\/uploads\/2021\/08\/LACOMARCA-8-300x173.png 300w\" sizes=\"auto, (max-width: 608px) 100vw, 608px\" \/><div class=\"dt-sc-image-overlay\"><p>Arriendo bicicletas: 1\/2 Day &#8211; Full Day<\/p><\/div><\/div><div class='dt-sc-image-content'><div class='dt-sc-image-title'><h3>Arriendo Bicicletas<\/h3><\/div><\/div><\/div><div class=\"vc_empty_space\"   style=\"height: 10px\"><span class=\"vc_empty_space_inner\"><\/span><\/div><\/div><\/div><\/div><\/div><\/div><\/div><\/div><\/div><div class=\"vc_row-full-width vc_clearfix\"><\/div><div class=\"vc_row wpb_row vc_row-fluid vc_custom_1511871522731 vc_row-o-equal-height vc_row-o-content-middle vc_row-flex\"><div class=\"wpb_column vc_column_container vc_col-sm-6\"><div class=\"vc_column-inner vc_custom_1511866175565\"><div class=\"wpb_wrapper\"><h2 style=\"text-align: left\" class=\"vc_custom_heading\">\u00a1Ven a disfrutar de nuestros centros termales, parques nacionales y nuestro hermoso lago Villarrica!<\/h2><div class=\"vc_separator wpb_content_element vc_separator_align_center vc_sep_width_10 vc_sep_border_width_3 vc_sep_pos_align_left vc_separator_no_text vc_custom_1508837039020  vc_custom_1508837039020\" ><span class=\"vc_sep_holder vc_sep_holder_l\"><span  style=\"border-color:#5821bd;\" class=\"vc_sep_line\"><\/span><\/span><span class=\"vc_sep_holder vc_sep_holder_r\"><span  style=\"border-color:#5821bd;\" class=\"vc_sep_line\"><\/span><\/span>\n<\/div>\r\n\t<div class=\"wpb_text_column wpb_content_element \" >\r\n\t\t<div class=\"wpb_wrapper\">\r\n\t\t\t<p>Somos un lugar dedicado al calor humano, la comodidad y cercan\u00eda con nuestros turistas. Te invitamos a vivir las mejores vacaciones en nuestro Hostal.<\/p>\n\r\n\t\t<\/div>\r\n\t<\/div>\r\n<\/div><\/div><\/div><div data-vc-parallax=\"1.5\" data-vc-parallax-image=\"https:\/\/hostalpuconsur.com\/wp-content\/uploads\/2020\/01\/Volcan_villarica_desde_la_ciudad_de_pucon.jpg\" class=\"wpb_column vc_column_container vc_col-sm-6 vc_col-has-fill vc_general vc_parallax vc_parallax-content-moving\"><div class=\"vc_column-inner vc_custom_1578262152764\"><div class=\"wpb_wrapper\">\n\t<div  class=\"wpb_single_image wpb_content_element vc_align_left  vc_custom_1633532509316\">\n\t\t\n\t\t<figure class=\"wpb_wrapper vc_figure\">\n\t\t\t<div class=\"vc_single_image-wrapper   vc_box_border_grey\"><img loading=\"lazy\" decoding=\"async\" width=\"894\" height=\"626\" src=\"https:\/\/hostalpuconsur.com\/wp-content\/uploads\/2021\/10\/9-Circunnavegacio\u0301n-en-Kayak-al-Lago-Calafque\u0301n-volcan-villarrica.jpeg\" class=\"vc_single_image-img attachment-full\" alt=\"\" srcset=\"https:\/\/hostalpuconsur.com\/wp-content\/uploads\/2021\/10\/9-Circunnavegacio\u0301n-en-Kayak-al-Lago-Calafque\u0301n-volcan-villarrica.jpeg 894w, https:\/\/hostalpuconsur.com\/wp-content\/uploads\/2021\/10\/9-Circunnavegacio\u0301n-en-Kayak-al-Lago-Calafque\u0301n-volcan-villarrica-300x210.jpeg 300w, https:\/\/hostalpuconsur.com\/wp-content\/uploads\/2021\/10\/9-Circunnavegacio\u0301n-en-Kayak-al-Lago-Calafque\u0301n-volcan-villarrica-768x538.jpeg 768w\" sizes=\"auto, (max-width: 894px) 100vw, 894px\" \/><\/div>\n\t\t<\/figure>\n\t<\/div>\n<\/div><\/div><\/div><\/div><div data-vc-full-width=\"true\" data-vc-full-width-init=\"false\" class=\"vc_row wpb_row vc_row-fluid dt-sc-dark-bg vc_custom_1626560338866\"><div class=\"wpb_column vc_column_container vc_col-sm-12\"><div class=\"vc_column-inner \"><div class=\"wpb_wrapper\"><div class=\"vc_row wpb_row vc_inner vc_row-fluid\"><div class=\"aligncenter wpb_column vc_column_container vc_col-sm-12\" id=\"tarifas\"><div class=\"vc_column-inner \"><div class=\"wpb_wrapper\"><div class='dt-sc-title with-two-border aligncenter'><h2>Tarifas 2024\/ 2025<\/h2><\/div><h5 style=\"text-align: center\" class=\"vc_custom_heading\">Nuestras Tarifas (Temporada Alta)<\/h5><\/div><\/div><\/div><\/div><div class=\"vc_row wpb_row vc_inner vc_row-fluid\"><div class=\"wpb_column vc_column_container vc_col-sm-3\"><div class=\"vc_column-inner \"><div class=\"wpb_wrapper\"><div class='dt-sc-pr-tb-col type1 '><div class=\"dt-sc-tb-header\"><div class=\"dt-sc-tb-title\"><h5>Single<\/h5><\/div><div class=\"dt-sc-price\"><h6> <sup>$<\/sup>61.000<\/h6><\/div><\/div><\/div><\/div><\/div><\/div><div class=\"wpb_column vc_column_container vc_col-sm-3\"><div class=\"vc_column-inner \"><div class=\"wpb_wrapper\"><div class='dt-sc-pr-tb-col type1 '><div class=\"dt-sc-tb-header\"><div class=\"dt-sc-tb-title\"><h5>Doble<\/h5><\/div><div class=\"dt-sc-price\"><h6> <sup>$<\/sup>76.000<\/h6><\/div><\/div><\/div><\/div><\/div><\/div><div class=\"wpb_column vc_column_container vc_col-sm-3\"><div class=\"vc_column-inner \"><div class=\"wpb_wrapper\"><div class='dt-sc-pr-tb-col type1 '><div class=\"dt-sc-tb-header\"><div class=\"dt-sc-tb-title\"><h5>Triple<\/h5><\/div><div class=\"dt-sc-price\"><h6> <sup>$<\/sup>86.000<\/h6><\/div><\/div><\/div><\/div><\/div><\/div><div class=\"wpb_column vc_column_container vc_col-sm-3\"><div class=\"vc_column-inner \"><div class=\"wpb_wrapper\"><div class='dt-sc-pr-tb-col type1 '><div class=\"dt-sc-tb-header\"><div class=\"dt-sc-tb-title\"><h5>Cuadruple<\/h5><\/div><div class=\"dt-sc-price\"><h6> <sup>$<\/sup>96.000<\/h6><\/div><\/div><\/div><\/div><\/div><\/div><\/div><div class=\"vc_row wpb_row vc_inner vc_row-fluid\"><div class=\"aligncenter wpb_column vc_column_container vc_col-sm-12\"><div class=\"vc_column-inner \"><div class=\"wpb_wrapper\"><h5 style=\"text-align: center\" class=\"vc_custom_heading\">Nuestras Tarifas (Temporada Baja)<\/h5><\/div><\/div><\/div><\/div><div class=\"vc_row wpb_row vc_inner vc_row-fluid\"><div class=\"wpb_column vc_column_container vc_col-sm-3\"><div class=\"vc_column-inner \"><div class=\"wpb_wrapper\"><div class='dt-sc-pr-tb-col type1 '><div class=\"dt-sc-tb-header\"><div class=\"dt-sc-tb-title\"><h5>Single<\/h5><\/div><div class=\"dt-sc-price\"><h6> <sup>$<\/sup>54.000<\/h6><\/div><\/div><\/div><\/div><\/div><\/div><div class=\"wpb_column vc_column_container vc_col-sm-3\"><div class=\"vc_column-inner \"><div class=\"wpb_wrapper\"><div class='dt-sc-pr-tb-col type1 '><div class=\"dt-sc-tb-header\"><div class=\"dt-sc-tb-title\"><h5>Doble<\/h5><\/div><div class=\"dt-sc-price\"><h6> <sup>$<\/sup>64.000<\/h6><\/div><\/div><\/div><\/div><\/div><\/div><div class=\"wpb_column vc_column_container vc_col-sm-3\"><div class=\"vc_column-inner \"><div class=\"wpb_wrapper\"><div class='dt-sc-pr-tb-col type1 '><div class=\"dt-sc-tb-header\"><div class=\"dt-sc-tb-title\"><h5>Triple<\/h5><\/div><div class=\"dt-sc-price\"><h6> <sup>$<\/sup>72.000<\/h6><\/div><\/div><\/div><\/div><\/div><\/div><div class=\"wpb_column vc_column_container vc_col-sm-3\"><div class=\"vc_column-inner \"><div class=\"wpb_wrapper\"><div class='dt-sc-pr-tb-col type1 '><div class=\"dt-sc-tb-header\"><div class=\"dt-sc-tb-title\"><h5>Cuadruple<\/h5><\/div><div class=\"dt-sc-price\"><h6> <sup>$<\/sup>82.000<\/h6><\/div><\/div><\/div><\/div><\/div><\/div><\/div><div class=\"vc_row wpb_row vc_inner vc_row-fluid\"><div class=\"wpb_column vc_column_container vc_col-sm-4\"><div class=\"vc_column-inner \"><div class=\"wpb_wrapper\"><\/div><\/div><\/div><div class=\"wpb_column vc_column_container vc_col-sm-4\"><div class=\"vc_column-inner \"><div class=\"wpb_wrapper\"><\/div><\/div><\/div><\/div><\/div><\/div><\/div><div class=\"wpb_column vc_column_container vc_col-sm-12\"><div class=\"vc_column-inner \"><div class=\"wpb_wrapper\"><div class=\"aio-icon-component    style_1\"><div id=\"Info-box-wrap-2369\" class=\"aio-icon-box default-icon\" style=\"\"  ><div class=\"aio-icon-default\"><div class=\"ult-just-icon-wrapper  \"><div class=\"align-icon\" style=\"text-align:center;\">\n<div class=\"aio-icon advanced \"  style=\"color:#ffffff;background:rgba(255,255,255,0.01);border-style:solid;border-color:#ffffff;border-width:1px;width:50px;height:50px;line-height:50px;border-radius:500px;font-size:32px;display:inline-block;\">\n\t<i class=\"Defaults-info-circle\"><\/i>\n<\/div><\/div><\/div><\/div><div class=\"aio-icon-header\" ><h3 class=\"aio-icon-title ult-responsive\"  data-ultimate-target='#Info-box-wrap-2369 .aio-icon-title'  data-responsive-json-new='{\"font-size\":\"\",\"line-height\":\"\"}'  style=\"font-family:&#039;Montserrat&#039;;\">Consideraciones<\/h3><\/div> <!-- header --><div class=\"aio-icon-description ult-responsive\"  data-ultimate-target='#Info-box-wrap-2369 .aio-icon-description'  data-responsive-json-new='{\"font-size\":\"\",\"line-height\":\"\"}'  style=\"\"><\/p>\n<ul>\n<li>Ni\u00f1os de 0 a 4 a\u00f1os, sin cargo compartiendo cama con sus padres.<\/li>\n<li>Tarifa por habitaci\u00f3n, por noche de alojamiento<\/li>\n<li>TEMPORADA ALTA : 31\/12 a 28\/02 y feriados\u00a0 (Semana Santa, Fiestas Patrias y otros del calendario)<\/li>\n<li>TEMPORADA BAJA : 02\/03 a 14\/12 (con las excepciones apuntadas)<\/li>\n<li>Check in: desde 14:00 hrs. hasta las 22:00 hrs. (informar hora de llegada para excepciones)<\/li>\n<li>Check out: 11:00 hrs.<\/li>\n<li class=\"elementor-icon-list-item\"><span class=\"elementor-icon-list-text\">Anulaci\u00f3n de Reservas: Devoluci\u00f3n de un 100% con 4 o m\u00e1s d\u00edas de aviso.<\/span><i class=\"fas fa-minus\" aria-hidden=\"true\"><\/i><\/li>\n<li class=\"elementor-icon-list-item\"><span class=\"elementor-icon-list-text\">\u00a0Devoluci\u00f3n del 50% con menos de 4 d\u00edas de aviso.<\/span><i class=\"fas fa-minus\" aria-hidden=\"true\"><\/i><\/li>\n<li class=\"elementor-icon-list-item\"><span class=\"elementor-icon-list-text\">\u00a0No se aceptan mascotas.<\/span><\/li>\n<\/ul>\n<p><\/div> <!-- description --><\/div> <!-- aio-icon-box --><\/div> <!-- aio-icon-component --><\/div><\/div><\/div><\/div><div class=\"vc_row-full-width vc_clearfix\"><\/div><!-- Row Backgrounds --><div class=\"upb_color\" data-bg-override=\"0\" data-bg-color=\"#000000\" data-fadeout=\"\" data-fadeout-percentage=\"30\" data-parallax-content=\"\" data-parallax-content-sense=\"30\" data-row-effect-mobile-disable=\"true\" data-img-parallax-mobile-disable=\"true\" data-rtl=\"false\"  data-custom-vc-row=\"\"  data-vc=\"6.0.5\"  data-is_old_vc=\"\"  data-theme-support=\"\"   data-overlay=\"false\" data-overlay-color=\"\" data-overlay-pattern=\"\" data-overlay-pattern-opacity=\"\" data-overlay-pattern-size=\"\"    ><\/div><div data-vc-full-width=\"true\" data-vc-full-width-init=\"false\" class=\"vc_row wpb_row vc_row-fluid\"><div class=\"wpb_column vc_column_container vc_col-sm-6\"><div class=\"vc_column-inner vc_custom_1627684746832\" style=\" text-align:left; \"><div class=\"wpb_wrapper\"><div class=\"vc_empty_space\"   style=\"height: 60px\"><span class=\"vc_empty_space_inner\"><\/span><\/div><h2>\u00bfTienes Dudas? D\u00e9janos un mensaje<\/h2><div class=\"wpforms-container wpforms-container-full\" id=\"wpforms-12123\"><form id=\"wpforms-form-12123\" class=\"wpforms-validate wpforms-form wpforms-ajax-form\" data-formid=\"12123\" method=\"post\" enctype=\"multipart\/form-data\" action=\"\/en\/wp-json\/wp\/v2\/pages\/10\" data-token=\"86a507219254c1f6327c62aa1f067f68\" data-token-time=\"1775277232\"><noscript class=\"wpforms-error-noscript\">Please enable JavaScript in your browser to complete this form.<\/noscript><div class=\"wpforms-field-container\"><div id=\"wpforms-12123-field_0-container\" class=\"wpforms-field wpforms-field-name\" data-field-id=\"0\"><label class=\"wpforms-field-label\">Nombre  <span class=\"wpforms-required-label\">*<\/span><\/label><div class=\"wpforms-field-row wpforms-field-medium\"><div class=\"wpforms-field-row-block wpforms-first wpforms-one-half\"><input type=\"text\" id=\"wpforms-12123-field_0\" class=\"wpforms-field-name-first wpforms-field-required\" name=\"wpforms[fields][0][first]\" required><label for=\"wpforms-12123-field_0\" class=\"wpforms-field-sublabel after\">First<\/label><\/div><div class=\"wpforms-field-row-block wpforms-one-half\"><input type=\"text\" id=\"wpforms-12123-field_0-last\" class=\"wpforms-field-name-last wpforms-field-required\" name=\"wpforms[fields][0][last]\" required><label for=\"wpforms-12123-field_0-last\" class=\"wpforms-field-sublabel after\">Last<\/label><\/div><\/div><\/div><div id=\"wpforms-12123-field_1-container\" class=\"wpforms-field wpforms-field-email\" data-field-id=\"1\"><label class=\"wpforms-field-label\" for=\"wpforms-12123-field_1\">Email <span class=\"wpforms-required-label\">*<\/span><\/label><input type=\"email\" id=\"wpforms-12123-field_1\" class=\"wpforms-field-medium wpforms-field-required\" name=\"wpforms[fields][1]\" spellcheck=\"false\" required><\/div><div id=\"wpforms-12123-field_5-container\" class=\"wpforms-field wpforms-field-select wpforms-field-select-style-classic\" data-field-id=\"5\"><label class=\"wpforms-field-label\" for=\"wpforms-12123-field_5\">Tipo de Habitaci\u00f3n:<\/label><select id=\"wpforms-12123-field_5\" class=\"wpforms-field-small\" name=\"wpforms[fields][5]\"><option value=\"Single\" >Single<\/option><option value=\"Doble\"  selected='selected'>Doble<\/option><option value=\"Triple\" >Triple<\/option><option value=\"Cuadruple\" >Cuadruple<\/option><\/select><\/div><div id=\"wpforms-12123-field_7-container\" class=\"wpforms-field wpforms-field-textarea\" data-field-id=\"7\"><label class=\"wpforms-field-label\" for=\"wpforms-12123-field_7\">Mensaje<\/label><textarea id=\"wpforms-12123-field_7\" class=\"wpforms-field-small\" name=\"wpforms[fields][7]\" ><\/textarea><\/div><\/div><!-- .wpforms-field-container --><div class=\"wpforms-submit-container\" ><input type=\"hidden\" name=\"wpforms[id]\" value=\"12123\"><input type=\"hidden\" name=\"page_title\" value=\"\"><input type=\"hidden\" name=\"page_url\" value=\"https:\/\/hostalpuconsur.com\/en\/wp-json\/wp\/v2\/pages\/10\"><input type=\"hidden\" name=\"url_referer\" value=\"\"><button type=\"submit\" name=\"wpforms[submit]\" id=\"wpforms-submit-12123\" class=\"wpforms-submit\" data-alt-text=\"Enviando...\" data-submit-text=\"Enviar\" aria-live=\"assertive\" value=\"wpforms-submit\">Enviar<\/button><img loading=\"lazy\" decoding=\"async\" src=\"https:\/\/hostalpuconsur.com\/wp-content\/plugins\/wpforms-lite\/assets\/images\/submit-spin.svg\" class=\"wpforms-submit-spinner\" style=\"display: none;\" width=\"26\" height=\"26\" alt=\"Loading\"><\/div><\/form><\/div>  <!-- .wpforms-container --><\/div><\/div><\/div><div class=\"aligncenter wpb_column vc_column_container vc_col-sm-6\" id=\"ubicacion\"><div class=\"vc_column-inner \" style=\" text-align:right; \"><div class=\"wpb_wrapper\"><div class=\"vc_empty_space\"   style=\"height: 60px\"><span class=\"vc_empty_space_inner\"><\/span><\/div><div class=\"wpb_gmaps_widget wpb_content_element\"><div class=\"wpb_wrapper\"><div class=\"wpb_map_wraper\"><iframe loading=\"lazy\" src=\"https:\/\/www.google.com\/maps\/embed?pb=!1m14!1m8!1m3!1d24706.868214076905!2d-71.962366!3d-39.280119!3m2!1i1024!2i768!4f13.1!3m3!1m2!1s0x0%3A0xaece5ca46211e191!2sHostal%20Pucon%20Sur!5e0!3m2!1ses-419!2sus!4v1578347083328!5m2!1ses-419!2sus\" width=\"600\" height=\"450\" frameborder=\"0\" style=\"border:0;\" allowfullscreen=\"\"><\/iframe><\/div><\/div><\/div><\/div><\/div><\/div><\/div><div class=\"vc_row-full-width vc_clearfix\"><\/div>\n","protected":false},"excerpt":{"rendered":"Te ofrecemos Arriendo de BicicletasTenemos servicio de arriendo de bicicletas, para que puedas recorrer los atractivos de Puc\u00f3n a bordo de un transporte sustentable. Agencias de TurismoTenemos convenios con las mas importantes agencias de turismo en la zona. Gastronom\u00edaSandwich, pizzas, ensaladas ,jugos naturales ,\u00a0 cervezas artesanales\u00a0 , todo en nuestra nueva\u00a0 terraza !!!!! Centros TermalesSERVICIO [...]","protected":false},"author":3,"featured_media":0,"parent":0,"menu_order":0,"comment_status":"closed","ping_status":"closed","template":"","meta":{"footnotes":""},"class_list":["post-10","page","type-page","status-publish","hentry"],"_links":{"self":[{"href":"https:\/\/hostalpuconsur.com\/en\/wp-json\/wp\/v2\/pages\/10","targetHints":{"allow":["GET"]}}],"collection":[{"href":"https:\/\/hostalpuconsur.com\/en\/wp-json\/wp\/v2\/pages"}],"about":[{"href":"https:\/\/hostalpuconsur.com\/en\/wp-json\/wp\/v2\/types\/page"}],"author":[{"embeddable":true,"href":"https:\/\/hostalpuconsur.com\/en\/wp-json\/wp\/v2\/users\/3"}],"replies":[{"embeddable":true,"href":"https:\/\/hostalpuconsur.com\/en\/wp-json\/wp\/v2\/comments?post=10"}],"version-history":[{"count":201,"href":"https:\/\/hostalpuconsur.com\/en\/wp-json\/wp\/v2\/pages\/10\/revisions"}],"predecessor-version":[{"id":12283,"href":"https:\/\/hostalpuconsur.com\/en\/wp-json\/wp\/v2\/pages\/10\/revisions\/12283"}],"wp:attachment":[{"href":"https:\/\/hostalpuconsur.com\/en\/wp-json\/wp\/v2\/media?parent=10"}],"curies":[{"name":"wp","href":"https:\/\/api.w.org\/{rel}","templated":true}]}}